{"id":2304,"date":"2021-11-03T00:24:24","date_gmt":"2021-11-03T00:24:24","guid":{"rendered":"https:\/\/caponesproducts.com\/?page_id=2304"},"modified":"2026-02-01T07:10:37","modified_gmt":"2026-02-01T07:10:37","slug":"donde-comprar","status":"publish","type":"page","link":"https:\/\/www.caponesproducts.com\/es\/where-to-buy\/","title":{"rendered":"D\u00f3nde comprar"},"content":{"rendered":"<div data-elementor-type=\"wp-page\" data-elementor-id=\"2304\" class=\"elementor elementor-2304\" data-elementor-post-type=\"page\">\n\t\t\t\t<div class=\"elementor-element elementor-element-42217bd e-flex e-con-boxed e-con e-parent\" data-id=\"42217bd\" data-element_type=\"container\" data-e-type=\"container\" data-settings=\"{&quot;background_background&quot;:&quot;classic&quot;}\">\n\t\t\t\t\t<div class=\"e-con-inner\">\n\t\t<div class=\"elementor-element elementor-element-fd82c33 e-con-full e-flex e-con e-child\" data-id=\"fd82c33\" data-element_type=\"container\" data-e-type=\"container\">\n\t\t\t\t<div class=\"elementor-element elementor-element-90602c8 elementor-widget elementor-widget-heading\" data-id=\"90602c8\" data-element_type=\"widget\" data-e-type=\"widget\" data-widget_type=\"heading.default\">\n\t\t\t\t<div class=\"elementor-widget-container\">\n\t\t\t\t\t<h1 class=\"elementor-heading-title elementor-size-default\">D\u00d3NDE COMPRAR NUESTROS PRODUCTOS CAPONE'S<\/h1>\t\t\t\t<\/div>\n\t\t\t\t<\/div>\n\t\t\t\t<div class=\"elementor-element elementor-element-08cba9e elementor-widget elementor-widget-text-editor\" data-id=\"08cba9e\" data-element_type=\"widget\" data-e-type=\"widget\" data-widget_type=\"text-editor.default\">\n\t\t\t\t<div class=\"elementor-widget-container\">\n\t\t\t\t\t\t\t\t\t<p>Vendemos nuestros productos en l\u00ednea con env\u00edo a todo el mundo, pero tambi\u00e9n puede adquirirlos en las tiendas en l\u00ednea m\u00e1s cercanas a su zona.<br \/>Encuentre a continuaci\u00f3n todos nuestros distribuidores y, a trav\u00e9s de estos enlaces, podr\u00e1 acceder directamente a los productos CAPONES que ofrece cada uno de estos sitios.<\/p>\t\t\t\t\t\t\t\t<\/div>\n\t\t\t\t<\/div>\n\t\t\t\t<\/div>\n\t\t\t\t\t<\/div>\n\t\t\t\t<\/div>\n\t\t<div class=\"elementor-element elementor-element-e9256e6 e-flex e-con-boxed e-con e-parent\" data-id=\"e9256e6\" data-element_type=\"container\" data-e-type=\"container\" data-settings=\"{&quot;background_background&quot;:&quot;classic&quot;,&quot;background_motion_fx_motion_fx_mouse&quot;:&quot;yes&quot;}\">\n\t\t\t\t\t<div class=\"e-con-inner\">\n\t\t<div class=\"elementor-element elementor-element-f15d409 e-con-full e-flex e-con e-child\" data-id=\"f15d409\" data-element_type=\"container\" data-e-type=\"container\">\n\t\t\t\t<div class=\"elementor-element elementor-element-7bb5328 elementor-widget elementor-widget-heading\" data-id=\"7bb5328\" data-element_type=\"widget\" data-e-type=\"widget\" data-widget_type=\"heading.default\">\n\t\t\t\t<div class=\"elementor-widget-container\">\n\t\t\t\t\t<h2 class=\"elementor-heading-title elementor-size-default\">DISTRIBUIDORES MINORISTAS<\/h2>\t\t\t\t<\/div>\n\t\t\t\t<\/div>\n\t\t\t\t<div class=\"elementor-element elementor-element-8257a7e elementor-widget elementor-widget-heading\" data-id=\"8257a7e\" data-element_type=\"widget\" data-e-type=\"widget\" data-widget_type=\"heading.default\">\n\t\t\t\t<div class=\"elementor-widget-container\">\n\t\t\t\t\t<h3 class=\"elementor-heading-title elementor-size-default\">Am\u00e9rica del Norte\n<\/h3>\t\t\t\t<\/div>\n\t\t\t\t<\/div>\n\t\t\t\t<div class=\"elementor-element elementor-element-82b0125 elementor-widget-divider--view-line elementor-widget elementor-widget-divider\" data-id=\"82b0125\" data-element_type=\"widget\" data-e-type=\"widget\" data-widget_type=\"divider.default\">\n\t\t\t\t<div class=\"elementor-widget-container\">\n\t\t\t\t\t\t\t<div class=\"elementor-divider\">\n\t\t\t<span class=\"elementor-divider-separator\">\n\t\t\t\t\t\t<\/span>\n\t\t<\/div>\n\t\t\t\t\t\t<\/div>\n\t\t\t\t<\/div>\n\t\t<div class=\"elementor-element elementor-element-4f858ba e-con-full e-flex e-con e-child\" data-id=\"4f858ba\" data-element_type=\"container\" data-e-type=\"container\">\n\t\t\t\t<div class=\"elementor-element elementor-element-ac0e732 elementor-widget elementor-widget-image\" data-id=\"ac0e732\" data-element_type=\"widget\" data-e-type=\"widget\" data-widget_type=\"image.default\">\n\t\t\t\t<div class=\"elementor-widget-container\">\n\t\t\t\t\t\t\t\t\t\t\t\t\t\t\t<img fetchpriority=\"high\" decoding=\"async\" width=\"513\" height=\"274\" src=\"https:\/\/www.caponesproducts.com\/wp-content\/uploads\/2021\/11\/amazon-logo.png\" class=\"attachment-large size-large wp-image-2306\" alt=\"\" srcset=\"https:\/\/www.caponesproducts.com\/wp-content\/uploads\/2021\/11\/amazon-logo.png 513w, https:\/\/www.caponesproducts.com\/wp-content\/uploads\/2021\/11\/amazon-logo-112x60.png 112w, https:\/\/www.caponesproducts.com\/wp-content\/uploads\/2021\/11\/amazon-logo-169x90.png 169w\" sizes=\"(max-width: 513px) 100vw, 513px\" \/>\t\t\t\t\t\t\t\t\t\t\t\t\t\t\t<\/div>\n\t\t\t\t<\/div>\n\t\t\t\t<div class=\"elementor-element elementor-element-79fe55f elementor-widget elementor-widget-image\" data-id=\"79fe55f\" data-element_type=\"widget\" data-e-type=\"widget\" data-widget_type=\"image.default\">\n\t\t\t\t<div class=\"elementor-widget-container\">\n\t\t\t\t\t\t\t\t\t\t\t\t\t\t\t<img decoding=\"async\" width=\"513\" height=\"274\" src=\"https:\/\/www.caponesproducts.com\/wp-content\/uploads\/2021\/11\/faire.jpg\" class=\"attachment-large size-large wp-image-2307\" alt=\"\" srcset=\"https:\/\/www.caponesproducts.com\/wp-content\/uploads\/2021\/11\/faire.jpg 513w, https:\/\/www.caponesproducts.com\/wp-content\/uploads\/2021\/11\/faire-112x60.jpg 112w, https:\/\/www.caponesproducts.com\/wp-content\/uploads\/2021\/11\/faire-169x90.jpg 169w\" sizes=\"(max-width: 513px) 100vw, 513px\" \/>\t\t\t\t\t\t\t\t\t\t\t\t\t\t\t<\/div>\n\t\t\t\t<\/div>\n\t\t\t\t<\/div>\n\t\t\t\t<\/div>\n\t\t<div class=\"elementor-element elementor-element-5b7198a e-con-full e-flex e-con e-child\" data-id=\"5b7198a\" data-element_type=\"container\" data-e-type=\"container\">\n\t\t\t\t<div class=\"elementor-element elementor-element-9146bea elementor-widget elementor-widget-heading\" data-id=\"9146bea\" data-element_type=\"widget\" data-e-type=\"widget\" data-widget_type=\"heading.default\">\n\t\t\t\t<div class=\"elementor-widget-container\">\n\t\t\t\t\t<h2 class=\"elementor-heading-title elementor-size-default\">PR\u00d3XIMAMENTE<\/h2>\t\t\t\t<\/div>\n\t\t\t\t<\/div>\n\t\t\t\t<div class=\"elementor-element elementor-element-756c3de elementor-widget-divider--view-line elementor-widget elementor-widget-divider\" data-id=\"756c3de\" data-element_type=\"widget\" data-e-type=\"widget\" data-widget_type=\"divider.default\">\n\t\t\t\t<div class=\"elementor-widget-container\">\n\t\t\t\t\t\t\t<div class=\"elementor-divider\">\n\t\t\t<span class=\"elementor-divider-separator\">\n\t\t\t\t\t\t<\/span>\n\t\t<\/div>\n\t\t\t\t\t\t<\/div>\n\t\t\t\t<\/div>\n\t\t<div class=\"elementor-element elementor-element-c8f365f e-con-full e-flex e-con e-child\" data-id=\"c8f365f\" data-element_type=\"container\" data-e-type=\"container\">\n\t\t\t\t<div class=\"elementor-element elementor-element-67cb581 elementor-widget elementor-widget-image\" data-id=\"67cb581\" data-element_type=\"widget\" data-e-type=\"widget\" data-widget_type=\"image.default\">\n\t\t\t\t<div class=\"elementor-widget-container\">\n\t\t\t\t\t\t\t\t\t\t\t\t\t\t\t<img decoding=\"async\" width=\"513\" height=\"274\" src=\"https:\/\/www.caponesproducts.com\/wp-content\/uploads\/2024\/11\/walmart-logo.png\" class=\"attachment-large size-large wp-image-2591\" alt=\"\" \/>\t\t\t\t\t\t\t\t\t\t\t\t\t\t\t<\/div>\n\t\t\t\t<\/div>\n\t\t\t\t<\/div>\n\t\t\t\t<\/div>\n\t\t\t\t\t<\/div>\n\t\t\t\t<\/div>\n\t\t<div class=\"elementor-element elementor-element-8150301 e-flex e-con-boxed e-con e-parent\" data-id=\"8150301\" data-element_type=\"container\" data-e-type=\"container\" data-settings=\"{&quot;background_background&quot;:&quot;classic&quot;,&quot;background_motion_fx_motion_fx_mouse&quot;:&quot;yes&quot;}\">\n\t\t\t\t\t<div class=\"e-con-inner\">\n\t\t<div class=\"elementor-element elementor-element-100714b e-con-full e-flex e-con e-child\" data-id=\"100714b\" data-element_type=\"container\" data-e-type=\"container\">\n\t\t\t\t<div class=\"elementor-element elementor-element-d438a57 elementor-widget elementor-widget-heading\" data-id=\"d438a57\" data-element_type=\"widget\" data-e-type=\"widget\" data-widget_type=\"heading.default\">\n\t\t\t\t<div class=\"elementor-widget-container\">\n\t\t\t\t\t<h2 class=\"elementor-heading-title elementor-size-default\">DISTRIBUIDORES MINORISTAS<\/h2>\t\t\t\t<\/div>\n\t\t\t\t<\/div>\n\t\t\t\t<div class=\"elementor-element elementor-element-2f72eed elementor-widget elementor-widget-heading\" data-id=\"2f72eed\" data-element_type=\"widget\" data-e-type=\"widget\" data-widget_type=\"heading.default\">\n\t\t\t\t<div class=\"elementor-widget-container\">\n\t\t\t\t\t<h3 class=\"elementor-heading-title elementor-size-default\">Am\u00e9rica del Sur\n<\/h3>\t\t\t\t<\/div>\n\t\t\t\t<\/div>\n\t\t\t\t<div class=\"elementor-element elementor-element-4dadafd elementor-widget-divider--view-line elementor-widget elementor-widget-divider\" data-id=\"4dadafd\" data-element_type=\"widget\" data-e-type=\"widget\" data-widget_type=\"divider.default\">\n\t\t\t\t<div class=\"elementor-widget-container\">\n\t\t\t\t\t\t\t<div class=\"elementor-divider\">\n\t\t\t<span class=\"elementor-divider-separator\">\n\t\t\t\t\t\t<\/span>\n\t\t<\/div>\n\t\t\t\t\t\t<\/div>\n\t\t\t\t<\/div>\n\t\t<div class=\"elementor-element elementor-element-0a8bd2a e-con-full e-flex e-con e-child\" data-id=\"0a8bd2a\" data-element_type=\"container\" data-e-type=\"container\">\n\t\t\t\t<div class=\"elementor-element elementor-element-9920323 elementor-widget elementor-widget-image\" data-id=\"9920323\" data-element_type=\"widget\" data-e-type=\"widget\" data-widget_type=\"image.default\">\n\t\t\t\t<div class=\"elementor-widget-container\">\n\t\t\t\t\t\t\t\t\t\t\t\t\t\t\t<img loading=\"lazy\" decoding=\"async\" width=\"513\" height=\"274\" src=\"https:\/\/www.caponesproducts.com\/wp-content\/uploads\/2023\/04\/falabella.jpg\" class=\"attachment-large size-large wp-image-2443\" alt=\"Falabella\" \/>\t\t\t\t\t\t\t\t\t\t\t\t\t\t\t<\/div>\n\t\t\t\t<\/div>\n\t\t\t\t<div class=\"elementor-element elementor-element-236c1bf elementor-widget elementor-widget-image\" data-id=\"236c1bf\" data-element_type=\"widget\" data-e-type=\"widget\" data-widget_type=\"image.default\">\n\t\t\t\t<div class=\"elementor-widget-container\">\n\t\t\t\t\t\t\t\t\t\t\t\t\t\t\t<img loading=\"lazy\" decoding=\"async\" width=\"513\" height=\"274\" src=\"https:\/\/www.caponesproducts.com\/wp-content\/uploads\/2023\/04\/faces.jpg\" class=\"attachment-large size-large wp-image-2442\" alt=\"rostros\" \/>\t\t\t\t\t\t\t\t\t\t\t\t\t\t\t<\/div>\n\t\t\t\t<\/div>\n\t\t\t\t<div class=\"elementor-element elementor-element-cb3ced1 elementor-widget elementor-widget-image\" data-id=\"cb3ced1\" data-element_type=\"widget\" data-e-type=\"widget\" data-widget_type=\"image.default\">\n\t\t\t\t<div class=\"elementor-widget-container\">\n\t\t\t\t\t\t\t\t\t\t\t\t\t\t\t<img loading=\"lazy\" decoding=\"async\" width=\"513\" height=\"274\" src=\"https:\/\/www.caponesproducts.com\/wp-content\/uploads\/2021\/11\/fedco.jpg\" class=\"attachment-large size-large wp-image-2310\" alt=\"\" srcset=\"https:\/\/www.caponesproducts.com\/wp-content\/uploads\/2021\/11\/fedco.jpg 513w, https:\/\/www.caponesproducts.com\/wp-content\/uploads\/2021\/11\/fedco-112x60.jpg 112w, https:\/\/www.caponesproducts.com\/wp-content\/uploads\/2021\/11\/fedco-169x90.jpg 169w\" sizes=\"(max-width: 513px) 100vw, 513px\" \/>\t\t\t\t\t\t\t\t\t\t\t\t\t\t\t<\/div>\n\t\t\t\t<\/div>\n\t\t\t\t<div class=\"elementor-element elementor-element-b7b036a elementor-widget elementor-widget-image\" data-id=\"b7b036a\" data-element_type=\"widget\" data-e-type=\"widget\" data-widget_type=\"image.default\">\n\t\t\t\t<div class=\"elementor-widget-container\">\n\t\t\t\t\t\t\t\t\t\t\t\t\t\t\t<img loading=\"lazy\" decoding=\"async\" width=\"513\" height=\"274\" src=\"https:\/\/www.caponesproducts.com\/wp-content\/uploads\/2021\/11\/mercadolibre.jpg\" class=\"attachment-large size-large wp-image-2311\" alt=\"\" srcset=\"https:\/\/www.caponesproducts.com\/wp-content\/uploads\/2021\/11\/mercadolibre.jpg 513w, https:\/\/www.caponesproducts.com\/wp-content\/uploads\/2021\/11\/mercadolibre-112x60.jpg 112w, https:\/\/www.caponesproducts.com\/wp-content\/uploads\/2021\/11\/mercadolibre-169x90.jpg 169w\" sizes=\"(max-width: 513px) 100vw, 513px\" \/>\t\t\t\t\t\t\t\t\t\t\t\t\t\t\t<\/div>\n\t\t\t\t<\/div>\n\t\t\t\t<\/div>\n\t\t\t\t<\/div>\n\t\t\t\t\t<\/div>\n\t\t\t\t<\/div>\n\t\t<div class=\"elementor-element elementor-element-36a820a e-flex e-con-boxed e-con e-parent\" data-id=\"36a820a\" data-element_type=\"container\" data-e-type=\"container\" data-settings=\"{&quot;background_background&quot;:&quot;classic&quot;,&quot;background_motion_fx_motion_fx_mouse&quot;:&quot;yes&quot;}\">\n\t\t\t\t\t<div class=\"e-con-inner\">\n\t\t<div class=\"elementor-element elementor-element-7432199 e-con-full e-flex e-con e-child\" data-id=\"7432199\" data-element_type=\"container\" data-e-type=\"container\">\n\t\t\t\t<div class=\"elementor-element elementor-element-8a398b5 elementor-widget elementor-widget-heading\" data-id=\"8a398b5\" data-element_type=\"widget\" data-e-type=\"widget\" data-widget_type=\"heading.default\">\n\t\t\t\t<div class=\"elementor-widget-container\">\n\t\t\t\t\t<h2 class=\"elementor-heading-title elementor-size-default\">DISTRIBUIDORES MINORISTAS<\/h2>\t\t\t\t<\/div>\n\t\t\t\t<\/div>\n\t\t\t\t<div class=\"elementor-element elementor-element-1cbd5a2 elementor-widget elementor-widget-heading\" data-id=\"1cbd5a2\" data-element_type=\"widget\" data-e-type=\"widget\" data-widget_type=\"heading.default\">\n\t\t\t\t<div class=\"elementor-widget-container\">\n\t\t\t\t\t<h3 class=\"elementor-heading-title elementor-size-default\">Centroam\u00e9rica<\/h3>\t\t\t\t<\/div>\n\t\t\t\t<\/div>\n\t\t\t\t<div class=\"elementor-element elementor-element-8a58560 elementor-widget-divider--view-line elementor-widget elementor-widget-divider\" data-id=\"8a58560\" data-element_type=\"widget\" data-e-type=\"widget\" data-widget_type=\"divider.default\">\n\t\t\t\t<div class=\"elementor-widget-container\">\n\t\t\t\t\t\t\t<div class=\"elementor-divider\">\n\t\t\t<span class=\"elementor-divider-separator\">\n\t\t\t\t\t\t<\/span>\n\t\t<\/div>\n\t\t\t\t\t\t<\/div>\n\t\t\t\t<\/div>\n\t\t<div class=\"elementor-element elementor-element-11a4bcd e-con-full e-flex e-con e-child\" data-id=\"11a4bcd\" data-element_type=\"container\" data-e-type=\"container\">\n\t\t\t\t<div class=\"elementor-element elementor-element-c292459 elementor-widget elementor-widget-image\" data-id=\"c292459\" data-element_type=\"widget\" data-e-type=\"widget\" data-widget_type=\"image.default\">\n\t\t\t\t<div class=\"elementor-widget-container\">\n\t\t\t\t\t\t\t\t\t\t\t\t\t\t\t<img loading=\"lazy\" decoding=\"async\" width=\"513\" height=\"274\" src=\"https:\/\/www.caponesproducts.com\/wp-content\/uploads\/2024\/11\/american-barber-supply-logo.png\" class=\"attachment-large size-large wp-image-2592\" alt=\"\" \/>\t\t\t\t\t\t\t\t\t\t\t\t\t\t\t<\/div>\n\t\t\t\t<\/div>\n\t\t\t\t<\/div>\n\t\t\t\t<\/div>\n\t\t\t\t\t<\/div>\n\t\t\t\t<\/div>\n\t\t\t\t<\/div>","protected":false},"excerpt":{"rendered":"<p>WHERE TO BUY OUR CAPONE&#8217;S PRODUCTS We sell our products online with worldwide shipping, but you can also buy them [&hellip;]<\/p>\n","protected":false},"author":2,"featured_media":0,"parent":0,"menu_order":0,"comment_status":"closed","ping_status":"closed","template":"","meta":{"site-sidebar-layout":"default","site-content-layout":"","ast-site-content-layout":"default","site-content-style":"default","site-sidebar-style":"default","ast-global-header-display":"","ast-banner-title-visibility":"","ast-main-header-display":"","ast-hfb-above-header-display":"","ast-hfb-below-header-display":"","ast-hfb-mobile-header-display":"","site-post-title":"","ast-breadcrumbs-content":"","ast-featured-img":"","footer-sml-layout":"","ast-disable-related-posts":"","theme-transparent-header-meta":"","adv-header-id-meta":"","stick-header-meta":"","header-above-stick-meta":"","header-main-stick-meta":"","header-below-stick-meta":"","astra-migrate-meta-layouts":"default","ast-page-background-enabled":"default","ast-page-background-meta":{"desktop":{"background-color":"var(--ast-global-color-5)","background-image":"","background-repeat":"repeat","background-position":"center center","background-size":"auto","background-attachment":"scroll","background-type":"","background-media":"","overlay-type":"","overlay-color":"","overlay-opacity":"","overlay-gradient":""},"tablet":{"background-color":"","background-image":"","background-repeat":"repeat","background-position":"center center","background-size":"auto","background-attachment":"scroll","background-type":"","background-media":"","overlay-type":"","overlay-color":"","overlay-opacity":"","overlay-gradient":""},"mobile":{"background-color":"","background-image":"","background-repeat":"repeat","background-position":"center center","background-size":"auto","background-attachment":"scroll","background-type":"","background-media":"","overlay-type":"","overlay-color":"","overlay-opacity":"","overlay-gradient":""}},"ast-content-background-meta":{"desktop":{"background-color":"var(--ast-global-color-4)","background-image":"","background-repeat":"repeat","background-position":"center center","background-size":"auto","background-attachment":"scroll","background-type":"","background-media":"","overlay-type":"","overlay-color":"","overlay-opacity":"","overlay-gradient":""},"tablet":{"background-color":"var(--ast-global-color-4)","background-image":"","background-repeat":"repeat","background-position":"center center","background-size":"auto","background-attachment":"scroll","background-type":"","background-media":"","overlay-type":"","overlay-color":"","overlay-opacity":"","overlay-gradient":""},"mobile":{"background-color":"var(--ast-global-color-4)","background-image":"","background-repeat":"repeat","background-position":"center center","background-size":"auto","background-attachment":"scroll","background-type":"","background-media":"","overlay-type":"","overlay-color":"","overlay-opacity":"","overlay-gradient":""}},"footnotes":""},"class_list":["post-2304","page","type-page","status-publish","hentry"],"aioseo_notices":[],"_links":{"self":[{"href":"https:\/\/www.caponesproducts.com\/es\/wp-json\/wp\/v2\/pages\/2304","targetHints":{"allow":["GET"]}}],"collection":[{"href":"https:\/\/www.caponesproducts.com\/es\/wp-json\/wp\/v2\/pages"}],"about":[{"href":"https:\/\/www.caponesproducts.com\/es\/wp-json\/wp\/v2\/types\/page"}],"author":[{"embeddable":true,"href":"https:\/\/www.caponesproducts.com\/es\/wp-json\/wp\/v2\/users\/2"}],"replies":[{"embeddable":true,"href":"https:\/\/www.caponesproducts.com\/es\/wp-json\/wp\/v2\/comments?post=2304"}],"version-history":[{"count":4,"href":"https:\/\/www.caponesproducts.com\/es\/wp-json\/wp\/v2\/pages\/2304\/revisions"}],"predecessor-version":[{"id":3374,"href":"https:\/\/www.caponesproducts.com\/es\/wp-json\/wp\/v2\/pages\/2304\/revisions\/3374"}],"wp:attachment":[{"href":"https:\/\/www.caponesproducts.com\/es\/wp-json\/wp\/v2\/media?parent=2304"}],"curies":[{"name":"wp","href":"https:\/\/api.w.org\/{rel}","templated":true}]}}