{"id":1802,"date":"2019-09-20T23:31:20","date_gmt":"2019-09-20T23:31:20","guid":{"rendered":"https:\/\/caponesproducts.com\/?post_type=product&#038;p=1802"},"modified":"2026-02-06T22:08:25","modified_gmt":"2026-02-06T22:08:25","slug":"combo-de-cabezales-de-aceite","status":"publish","type":"product","link":"https:\/\/www.caponesproducts.com\/es\/product\/oil-head-combo\/","title":{"rendered":"Combo de cabeza de aceite"},"content":{"rendered":"<div data-elementor-type=\"product-post\" data-elementor-id=\"1802\" class=\"elementor elementor-1802\" data-elementor-post-type=\"product\">\n\t\t\t\t<div class=\"elementor-element elementor-element-bbbdbe0 e-flex e-con-boxed e-con e-parent\" data-id=\"bbbdbe0\" data-element_type=\"container\" data-e-type=\"container\">\n\t\t\t\t\t<div class=\"e-con-inner\">\n\t\t<div class=\"elementor-element elementor-element-adeaea5 e-con-full e-flex e-con e-child\" data-id=\"adeaea5\" data-element_type=\"container\" data-e-type=\"container\">\n\t\t<div class=\"elementor-element elementor-element-270702d e-con-full e-flex e-con e-child\" data-id=\"270702d\" data-element_type=\"container\" data-e-type=\"container\">\n\t\t\t\t<div class=\"elementor-element elementor-element-383deb7 elementor-widget elementor-widget-heading\" data-id=\"383deb7\" data-element_type=\"widget\" data-e-type=\"widget\" data-widget_type=\"heading.default\">\n\t\t\t\t<div class=\"elementor-widget-container\">\n\t\t\t\t\t<h2 class=\"elementor-heading-title elementor-size-default\">Descripci\u00f3n<\/h2>\t\t\t\t<\/div>\n\t\t\t\t<\/div>\n\t\t\t\t<div class=\"elementor-element elementor-element-aa74d32 elementor-widget-divider--view-line elementor-widget elementor-widget-divider\" data-id=\"aa74d32\" data-element_type=\"widget\" data-e-type=\"widget\" data-widget_type=\"divider.default\">\n\t\t\t\t<div class=\"elementor-widget-container\">\n\t\t\t\t\t\t\t<div class=\"elementor-divider\">\n\t\t\t<span class=\"elementor-divider-separator\">\n\t\t\t\t\t\t<\/span>\n\t\t<\/div>\n\t\t\t\t\t\t<\/div>\n\t\t\t\t<\/div>\n\t\t\t\t<\/div>\n\t\t<div class=\"elementor-element elementor-element-d82d20c e-con-full e-flex e-con e-child\" data-id=\"d82d20c\" data-element_type=\"container\" data-e-type=\"container\">\n\t\t\t\t<div class=\"elementor-element elementor-element-f9c9caa elementor-widget elementor-widget-text-editor\" data-id=\"f9c9caa\" data-element_type=\"widget\" data-e-type=\"widget\" data-widget_type=\"text-editor.default\">\n\t\t\t\t<div class=\"elementor-widget-container\">\n\t\t\t\t\t\t\t\t\t<p>Los peines y herramientas de Capone te ayudar\u00e1n a conseguir el peinado que buscas, permiti\u00e9ndote lograr una texturizaci\u00f3n y un acabado excelentes en los estilos que desees.<\/p><p><strong>Caracter\u00edsticas:<\/strong><\/p><ul><li>Fabricado con materiales de alta calidad para garantizar su durabilidad.<\/li><li>Los dientes anchos est\u00e1n dise\u00f1ados para evitar que el cabello se enrede.<\/li><li>Dise\u00f1o reversible para adaptarse a tus necesidades de peinado.<\/li><li>Dise\u00f1ado para uso profesional en el aula y uso personal, ideal para familias.<\/li><\/ul><p><strong>Especificaciones:<\/strong><\/p><p>Material pl\u00e1stico<br \/>Paquete: 5 unidades \/ Bolsa de OPP \/ Embalaje individual<br \/>Color marr\u00f3n<\/p><p>El cepillo de limpieza Capone's Clipper; el nombre correcto es \u00abCepillo de limpieza para barba Capone's\u00bb<\/p><p>Y el texto descriptivo del producto es:<br \/>Con cerdas especiales para la limpieza de la barba y un mango de ABS, el cepillo para la barba de Capone garantiza una eficacia de limpieza absoluta.<\/p>\t\t\t\t\t\t\t\t<\/div>\n\t\t\t\t<\/div>\n\t\t\t\t<\/div>\n\t\t\t\t<\/div>\n\t\t<div class=\"elementor-element elementor-element-30c961f e-con-full e-flex e-con e-child\" data-id=\"30c961f\" data-element_type=\"container\" data-e-type=\"container\">\n\t\t<div class=\"elementor-element elementor-element-6df5c54 e-con-full e-flex e-con e-child\" data-id=\"6df5c54\" data-element_type=\"container\" data-e-type=\"container\">\n\t\t\t\t<div class=\"elementor-element elementor-element-8ea018a elementor-widget elementor-widget-heading\" data-id=\"8ea018a\" data-element_type=\"widget\" data-e-type=\"widget\" data-widget_type=\"heading.default\">\n\t\t\t\t<div class=\"elementor-widget-container\">\n\t\t\t\t\t<h2 class=\"elementor-heading-title elementor-size-default\">Informaci\u00f3n adicional<\/h2>\t\t\t\t<\/div>\n\t\t\t\t<\/div>\n\t\t\t\t<div class=\"elementor-element elementor-element-f9966e9 elementor-widget-divider--view-line elementor-widget elementor-widget-divider\" data-id=\"f9966e9\" data-element_type=\"widget\" data-e-type=\"widget\" data-widget_type=\"divider.default\">\n\t\t\t\t<div class=\"elementor-widget-container\">\n\t\t\t\t\t\t\t<div class=\"elementor-divider\">\n\t\t\t<span class=\"elementor-divider-separator\">\n\t\t\t\t\t\t<\/span>\n\t\t<\/div>\n\t\t\t\t\t\t<\/div>\n\t\t\t\t<\/div>\n\t\t\t\t<\/div>\n\t\t<div class=\"elementor-element elementor-element-e134092 e-con-full e-flex e-con e-child\" data-id=\"e134092\" data-element_type=\"container\" data-e-type=\"container\">\n\t\t\t\t<div class=\"elementor-element elementor-element-56cb6f1 elementor-widget elementor-widget-heading\" data-id=\"56cb6f1\" data-element_type=\"widget\" data-e-type=\"widget\" data-widget_type=\"heading.default\">\n\t\t\t\t<div class=\"elementor-widget-container\">\n\t\t\t\t\t<h3 class=\"elementor-heading-title elementor-size-default\">Peso<\/h3>\t\t\t\t<\/div>\n\t\t\t\t<\/div>\n\t\t\t\t<div class=\"elementor-element elementor-element-c115739 elementor-widget elementor-widget-text-editor\" data-id=\"c115739\" data-element_type=\"widget\" data-e-type=\"widget\" data-widget_type=\"text-editor.default\">\n\t\t\t\t<div class=\"elementor-widget-container\">\n\t\t\t\t\t\t\t\t\t0,085 kg\t\t\t\t\t\t\t\t<\/div>\n\t\t\t\t<\/div>\n\t\t\t\t<\/div>\n\t\t\t\t<\/div>\n\t\t\t\t\t<\/div>\n\t\t\t\t<\/div>\n\t\t\t\t<\/div>","protected":false},"excerpt":{"rendered":"<p>Description Capone\u00b4s combs and tools will help you get the desired hairstyle you are looking for, you can excellent texturizing [&hellip;]<\/p>\n","protected":false},"featured_media":1803,"template":"","meta":{"site-sidebar-layout":"default","site-content-layout":"","ast-site-content-layout":"default","site-content-style":"default","site-sidebar-style":"default","ast-global-header-display":"","ast-banner-title-visibility":"","ast-main-header-display":"","ast-hfb-above-header-display":"","ast-hfb-below-header-display":"","ast-hfb-mobile-header-display":"","site-post-title":"","ast-breadcrumbs-content":"","ast-featured-img":"","footer-sml-layout":"","ast-disable-related-posts":"","theme-transparent-header-meta":"","adv-header-id-meta":"","stick-header-meta":"","header-above-stick-meta":"","header-main-stick-meta":"","header-below-stick-meta":"","astra-migrate-meta-layouts":"default","ast-page-background-enabled":"default","ast-page-background-meta":{"desktop":{"background-color":"var(--ast-global-color-5)","background-image":"","background-repeat":"repeat","background-position":"center center","background-size":"auto","background-attachment":"scroll","background-type":"","background-media":"","overlay-type":"","overlay-color":"","overlay-opacity":"","overlay-gradient":""},"tablet":{"background-color":"","background-image":"","background-repeat":"repeat","background-position":"center center","background-size":"auto","background-attachment":"scroll","background-type":"","background-media":"","overlay-type":"","overlay-color":"","overlay-opacity":"","overlay-gradient":""},"mobile":{"background-color":"","background-image":"","background-repeat":"repeat","background-position":"center center","background-size":"auto","background-attachment":"scroll","background-type":"","background-media":"","overlay-type":"","overlay-color":"","overlay-opacity":"","overlay-gradient":""}},"ast-content-background-meta":{"desktop":{"background-color":"var(--ast-global-color-4)","background-image":"","background-repeat":"repeat","background-position":"center center","background-size":"auto","background-attachment":"scroll","background-type":"","background-media":"","overlay-type":"","overlay-color":"","overlay-opacity":"","overlay-gradient":""},"tablet":{"background-color":"var(--ast-global-color-4)","background-image":"","background-repeat":"repeat","background-position":"center center","background-size":"auto","background-attachment":"scroll","background-type":"","background-media":"","overlay-type":"","overlay-color":"","overlay-opacity":"","overlay-gradient":""},"mobile":{"background-color":"var(--ast-global-color-4)","background-image":"","background-repeat":"repeat","background-position":"center center","background-size":"auto","background-attachment":"scroll","background-type":"","background-media":"","overlay-type":"","overlay-color":"","overlay-opacity":"","overlay-gradient":""}}},"product_brand":[],"product_cat":[96,144,88],"product_tag":[],"class_list":{"0":"post-1802","1":"product","2":"type-product","3":"status-publish","4":"has-post-thumbnail","6":"product_cat-comb","7":"product_cat-hair-beard","8":"product_cat-hair-care","9":"desktop-align-left","10":"tablet-align-left","11":"mobile-align-left","13":"first","14":"instock","15":"taxable","16":"shipping-taxable","17":"purchasable","18":"product-type-simple"},"aioseo_notices":[],"_links":{"self":[{"href":"https:\/\/www.caponesproducts.com\/es\/wp-json\/wp\/v2\/product\/1802","targetHints":{"allow":["GET"]}}],"collection":[{"href":"https:\/\/www.caponesproducts.com\/es\/wp-json\/wp\/v2\/product"}],"about":[{"href":"https:\/\/www.caponesproducts.com\/es\/wp-json\/wp\/v2\/types\/product"}],"version-history":[{"count":1,"href":"https:\/\/www.caponesproducts.com\/es\/wp-json\/wp\/v2\/product\/1802\/revisions"}],"predecessor-version":[{"id":3476,"href":"https:\/\/www.caponesproducts.com\/es\/wp-json\/wp\/v2\/product\/1802\/revisions\/3476"}],"wp:featuredmedia":[{"embeddable":true,"href":"https:\/\/www.caponesproducts.com\/es\/wp-json\/wp\/v2\/media\/1803"}],"wp:attachment":[{"href":"https:\/\/www.caponesproducts.com\/es\/wp-json\/wp\/v2\/media?parent=1802"}],"wp:term":[{"taxonomy":"product_brand","embeddable":true,"href":"https:\/\/www.caponesproducts.com\/es\/wp-json\/wp\/v2\/product_brand?post=1802"},{"taxonomy":"product_cat","embeddable":true,"href":"https:\/\/www.caponesproducts.com\/es\/wp-json\/wp\/v2\/product_cat?post=1802"},{"taxonomy":"product_tag","embeddable":true,"href":"https:\/\/www.caponesproducts.com\/es\/wp-json\/wp\/v2\/product_tag?post=1802"}],"curies":[{"name":"wp","href":"https:\/\/api.w.org\/{rel}","templated":true}]}}