{"id":1989,"date":"2020-10-01T15:58:15","date_gmt":"2020-10-01T15:58:15","guid":{"rendered":"https:\/\/caponesproducts.com\/?post_type=product&#038;p=1989"},"modified":"2026-02-06T22:07:47","modified_gmt":"2026-02-06T22:07:47","slug":"champu-fortificante","status":"publish","type":"product","link":"https:\/\/www.caponesproducts.com\/es\/product\/fortifying-shampoo\/","title":{"rendered":"Champ\u00fa fortificante"},"content":{"rendered":"<div data-elementor-type=\"product-post\" data-elementor-id=\"1989\" class=\"elementor elementor-1989\" data-elementor-post-type=\"product\">\n\t\t\t\t<div class=\"elementor-element elementor-element-b7ff886 e-flex e-con-boxed e-con e-parent\" data-id=\"b7ff886\" data-element_type=\"container\" data-e-type=\"container\">\n\t\t\t\t\t<div class=\"e-con-inner\">\n\t\t<div class=\"elementor-element elementor-element-a2d92d8 e-con-full e-flex e-con e-child\" data-id=\"a2d92d8\" data-element_type=\"container\" data-e-type=\"container\">\n\t\t<div class=\"elementor-element elementor-element-783696d e-con-full e-flex e-con e-child\" data-id=\"783696d\" data-element_type=\"container\" data-e-type=\"container\">\n\t\t\t\t<div class=\"elementor-element elementor-element-0f0659a elementor-widget elementor-widget-heading\" data-id=\"0f0659a\" data-element_type=\"widget\" data-e-type=\"widget\" data-widget_type=\"heading.default\">\n\t\t\t\t<div class=\"elementor-widget-container\">\n\t\t\t\t\t<h2 class=\"elementor-heading-title elementor-size-default\">Descripci\u00f3n<\/h2>\t\t\t\t<\/div>\n\t\t\t\t<\/div>\n\t\t\t\t<div class=\"elementor-element elementor-element-4bd5de5 elementor-widget-divider--view-line elementor-widget elementor-widget-divider\" data-id=\"4bd5de5\" data-element_type=\"widget\" data-e-type=\"widget\" data-widget_type=\"divider.default\">\n\t\t\t\t<div class=\"elementor-widget-container\">\n\t\t\t\t\t\t\t<div class=\"elementor-divider\">\n\t\t\t<span class=\"elementor-divider-separator\">\n\t\t\t\t\t\t<\/span>\n\t\t<\/div>\n\t\t\t\t\t\t<\/div>\n\t\t\t\t<\/div>\n\t\t\t\t<\/div>\n\t\t<div class=\"elementor-element elementor-element-93b2143 e-con-full e-flex e-con e-child\" data-id=\"93b2143\" data-element_type=\"container\" data-e-type=\"container\">\n\t\t\t\t<div class=\"elementor-element elementor-element-5ce5be2 elementor-widget elementor-widget-heading\" data-id=\"5ce5be2\" data-element_type=\"widget\" data-e-type=\"widget\" data-widget_type=\"heading.default\">\n\t\t\t\t<div class=\"elementor-widget-container\">\n\t\t\t\t\t<h3 class=\"elementor-heading-title elementor-size-default\">INSTRUCCIONES DE USO<\/h3>\t\t\t\t<\/div>\n\t\t\t\t<\/div>\n\t\t\t\t<div class=\"elementor-element elementor-element-e2dea87 elementor-widget elementor-widget-text-editor\" data-id=\"e2dea87\" data-element_type=\"widget\" data-e-type=\"widget\" data-widget_type=\"text-editor.default\">\n\t\t\t\t<div class=\"elementor-widget-container\">\n\t\t\t\t\t\t\t\t\tAplica la cantidad adecuada de producto sobre el cabello h\u00famedo, masajea hasta que se forme espuma y deja actuar durante unos minutos; luego, enjuaga bien.\t\t\t\t\t\t\t\t<\/div>\n\t\t\t\t<\/div>\n\t\t\t\t<\/div>\n\t\t<div class=\"elementor-element elementor-element-024ec90 e-con-full e-flex e-con e-child\" data-id=\"024ec90\" data-element_type=\"container\" data-e-type=\"container\">\n\t\t\t\t<div class=\"elementor-element elementor-element-646ccb7 elementor-widget elementor-widget-heading\" data-id=\"646ccb7\" data-element_type=\"widget\" data-e-type=\"widget\" data-widget_type=\"heading.default\">\n\t\t\t\t<div class=\"elementor-widget-container\">\n\t\t\t\t\t<h3 class=\"elementor-heading-title elementor-size-default\">INGREDIENTES ACTIVOS\n<\/h3>\t\t\t\t<\/div>\n\t\t\t\t<\/div>\n\t\t\t\t<div class=\"elementor-element elementor-element-f62ee14 elementor-widget elementor-widget-text-editor\" data-id=\"f62ee14\" data-element_type=\"widget\" data-e-type=\"widget\" data-widget_type=\"text-editor.default\">\n\t\t\t\t<div class=\"elementor-widget-container\">\n\t\t\t\t\t\t\t\t\tCafe\u00edna, taurina, mezcla de apigenina y \u00e1cido olean\u00f3lico\t\t\t\t\t\t\t\t<\/div>\n\t\t\t\t<\/div>\n\t\t\t\t<\/div>\n\t\t<div class=\"elementor-element elementor-element-3003faa e-con-full e-flex e-con e-child\" data-id=\"3003faa\" data-element_type=\"container\" data-e-type=\"container\">\n\t\t\t\t<div class=\"elementor-element elementor-element-5e3a26b elementor-widget elementor-widget-heading\" data-id=\"5e3a26b\" data-element_type=\"widget\" data-e-type=\"widget\" data-widget_type=\"heading.default\">\n\t\t\t\t<div class=\"elementor-widget-container\">\n\t\t\t\t\t<h3 class=\"elementor-heading-title elementor-size-default\">ESPECIFICACIONES<\/h3>\t\t\t\t<\/div>\n\t\t\t\t<\/div>\n\t\t\t\t<div class=\"elementor-element elementor-element-c5ad417 elementor-widget elementor-widget-text-editor\" data-id=\"c5ad417\" data-element_type=\"widget\" data-e-type=\"widget\" data-widget_type=\"text-editor.default\">\n\t\t\t\t<div class=\"elementor-widget-container\">\n\t\t\t\t\t\t\t\t\t250 ml | 8,45 fl. oz.\t\t\t\t\t\t\t\t<\/div>\n\t\t\t\t<\/div>\n\t\t\t\t<\/div>\n\t\t\t\t<\/div>\n\t\t<div class=\"elementor-element elementor-element-926330b e-con-full e-flex e-con e-child\" data-id=\"926330b\" data-element_type=\"container\" data-e-type=\"container\">\n\t\t<div class=\"elementor-element elementor-element-0641439 e-con-full e-flex e-con e-child\" data-id=\"0641439\" data-element_type=\"container\" data-e-type=\"container\">\n\t\t\t\t<div class=\"elementor-element elementor-element-7a1b540 elementor-widget elementor-widget-heading\" data-id=\"7a1b540\" data-element_type=\"widget\" data-e-type=\"widget\" data-widget_type=\"heading.default\">\n\t\t\t\t<div class=\"elementor-widget-container\">\n\t\t\t\t\t<h2 class=\"elementor-heading-title elementor-size-default\">Informaci\u00f3n adicional<\/h2>\t\t\t\t<\/div>\n\t\t\t\t<\/div>\n\t\t\t\t<div class=\"elementor-element elementor-element-cf7eb34 elementor-widget-divider--view-line elementor-widget elementor-widget-divider\" data-id=\"cf7eb34\" data-element_type=\"widget\" data-e-type=\"widget\" data-widget_type=\"divider.default\">\n\t\t\t\t<div class=\"elementor-widget-container\">\n\t\t\t\t\t\t\t<div class=\"elementor-divider\">\n\t\t\t<span class=\"elementor-divider-separator\">\n\t\t\t\t\t\t<\/span>\n\t\t<\/div>\n\t\t\t\t\t\t<\/div>\n\t\t\t\t<\/div>\n\t\t\t\t<\/div>\n\t\t<div class=\"elementor-element elementor-element-39c801f e-con-full e-flex e-con e-child\" data-id=\"39c801f\" data-element_type=\"container\" data-e-type=\"container\">\n\t\t\t\t<div class=\"elementor-element elementor-element-f0e7a10 elementor-widget elementor-widget-heading\" data-id=\"f0e7a10\" data-element_type=\"widget\" data-e-type=\"widget\" data-widget_type=\"heading.default\">\n\t\t\t\t<div class=\"elementor-widget-container\">\n\t\t\t\t\t<h3 class=\"elementor-heading-title elementor-size-default\">Peso<\/h3>\t\t\t\t<\/div>\n\t\t\t\t<\/div>\n\t\t\t\t<div class=\"elementor-element elementor-element-d8961bb elementor-widget elementor-widget-text-editor\" data-id=\"d8961bb\" data-element_type=\"widget\" data-e-type=\"widget\" data-widget_type=\"text-editor.default\">\n\t\t\t\t<div class=\"elementor-widget-container\">\n\t\t\t\t\t\t\t\t\t0,198 kg\t\t\t\t\t\t\t\t<\/div>\n\t\t\t\t<\/div>\n\t\t\t\t<\/div>\n\t\t<div class=\"elementor-element elementor-element-e6d0630 e-con-full e-flex e-con e-child\" data-id=\"e6d0630\" data-element_type=\"container\" data-e-type=\"container\">\n\t\t\t\t<div class=\"elementor-element elementor-element-cbf8422 elementor-widget elementor-widget-heading\" data-id=\"cbf8422\" data-element_type=\"widget\" data-e-type=\"widget\" data-widget_type=\"heading.default\">\n\t\t\t\t<div class=\"elementor-widget-container\">\n\t\t\t\t\t<h3 class=\"elementor-heading-title elementor-size-default\">Dimensiones<\/h3>\t\t\t\t<\/div>\n\t\t\t\t<\/div>\n\t\t\t\t<div class=\"elementor-element elementor-element-74fa092 elementor-widget elementor-widget-text-editor\" data-id=\"74fa092\" data-element_type=\"widget\" data-e-type=\"widget\" data-widget_type=\"text-editor.default\">\n\t\t\t\t<div class=\"elementor-widget-container\">\n\t\t\t\t\t\t\t\t\t6 \u00d7 9 \u00d7 15 cm\t\t\t\t\t\t\t\t<\/div>\n\t\t\t\t<\/div>\n\t\t\t\t<\/div>\n\t\t\t\t<\/div>\n\t\t\t\t\t<\/div>\n\t\t\t\t<\/div>\n\t\t\t\t<\/div>","protected":false},"excerpt":{"rendered":"<p>CHAMP\u00da FORTALECEDOR PARA EL CABELLO. Formulado con valiosos ingredientes activos que act\u00faan de diversas maneras: la CAFE\u00cdNA reactiva la circulaci\u00f3n, estimulando el bulbo piloso, que recupera su energ\u00eda; la TAURINA nutre el cabello desde la ra\u00edz; la APIGENINA mejora la microcirculaci\u00f3n; el \u00c1CIDO OLEAN\u00d3LICO inhibe la enzima responsable de la ca\u00edda del cabello.<\/p>","protected":false},"featured_media":1990,"template":"","meta":{"site-sidebar-layout":"default","site-content-layout":"","ast-site-content-layout":"default","site-content-style":"default","site-sidebar-style":"default","ast-global-header-display":"","ast-banner-title-visibility":"","ast-main-header-display":"","ast-hfb-above-header-display":"","ast-hfb-below-header-display":"","ast-hfb-mobile-header-display":"","site-post-title":"","ast-breadcrumbs-content":"","ast-featured-img":"","footer-sml-layout":"","ast-disable-related-posts":"","theme-transparent-header-meta":"","adv-header-id-meta":"","stick-header-meta":"","header-above-stick-meta":"","header-main-stick-meta":"","header-below-stick-meta":"","astra-migrate-meta-layouts":"default","ast-page-background-enabled":"default","ast-page-background-meta":{"desktop":{"background-color":"var(--ast-global-color-5)","background-image":"","background-repeat":"repeat","background-position":"center center","background-size":"auto","background-attachment":"scroll","background-type":"","background-media":"","overlay-type":"","overlay-color":"","overlay-opacity":"","overlay-gradient":""},"tablet":{"background-color":"","background-image":"","background-repeat":"repeat","background-position":"center center","background-size":"auto","background-attachment":"scroll","background-type":"","background-media":"","overlay-type":"","overlay-color":"","overlay-opacity":"","overlay-gradient":""},"mobile":{"background-color":"","background-image":"","background-repeat":"repeat","background-position":"center center","background-size":"auto","background-attachment":"scroll","background-type":"","background-media":"","overlay-type":"","overlay-color":"","overlay-opacity":"","overlay-gradient":""}},"ast-content-background-meta":{"desktop":{"background-color":"var(--ast-global-color-4)","background-image":"","background-repeat":"repeat","background-position":"center center","background-size":"auto","background-attachment":"scroll","background-type":"","background-media":"","overlay-type":"","overlay-color":"","overlay-opacity":"","overlay-gradient":""},"tablet":{"background-color":"var(--ast-global-color-4)","background-image":"","background-repeat":"repeat","background-position":"center center","background-size":"auto","background-attachment":"scroll","background-type":"","background-media":"","overlay-type":"","overlay-color":"","overlay-opacity":"","overlay-gradient":""},"mobile":{"background-color":"var(--ast-global-color-4)","background-image":"","background-repeat":"repeat","background-position":"center center","background-size":"auto","background-attachment":"scroll","background-type":"","background-media":"","overlay-type":"","overlay-color":"","overlay-opacity":"","overlay-gradient":""}}},"product_brand":[],"product_cat":[144,88,105],"product_tag":[],"class_list":{"0":"post-1989","1":"product","2":"type-product","3":"status-publish","4":"has-post-thumbnail","6":"product_cat-hair-beard","7":"product_cat-hair-care","8":"product_cat-shampoo","9":"desktop-align-left","10":"tablet-align-left","11":"mobile-align-left","13":"first","14":"instock","15":"taxable","16":"shipping-taxable","17":"purchasable","18":"product-type-simple"},"aioseo_notices":[],"_links":{"self":[{"href":"https:\/\/www.caponesproducts.com\/es\/wp-json\/wp\/v2\/product\/1989","targetHints":{"allow":["GET"]}}],"collection":[{"href":"https:\/\/www.caponesproducts.com\/es\/wp-json\/wp\/v2\/product"}],"about":[{"href":"https:\/\/www.caponesproducts.com\/es\/wp-json\/wp\/v2\/types\/product"}],"version-history":[{"count":1,"href":"https:\/\/www.caponesproducts.com\/es\/wp-json\/wp\/v2\/product\/1989\/revisions"}],"predecessor-version":[{"id":3467,"href":"https:\/\/www.caponesproducts.com\/es\/wp-json\/wp\/v2\/product\/1989\/revisions\/3467"}],"wp:featuredmedia":[{"embeddable":true,"href":"https:\/\/www.caponesproducts.com\/es\/wp-json\/wp\/v2\/media\/1990"}],"wp:attachment":[{"href":"https:\/\/www.caponesproducts.com\/es\/wp-json\/wp\/v2\/media?parent=1989"}],"wp:term":[{"taxonomy":"product_brand","embeddable":true,"href":"https:\/\/www.caponesproducts.com\/es\/wp-json\/wp\/v2\/product_brand?post=1989"},{"taxonomy":"product_cat","embeddable":true,"href":"https:\/\/www.caponesproducts.com\/es\/wp-json\/wp\/v2\/product_cat?post=1989"},{"taxonomy":"product_tag","embeddable":true,"href":"https:\/\/www.caponesproducts.com\/es\/wp-json\/wp\/v2\/product_tag?post=1989"}],"curies":[{"name":"wp","href":"https:\/\/api.w.org\/{rel}","templated":true}]}}