{"id":2545,"date":"2024-08-28T06:02:01","date_gmt":"2024-08-28T06:02:01","guid":{"rendered":"https:\/\/caponesproducts.com\/?post_type=product&#038;p=2545"},"modified":"2026-02-07T04:09:41","modified_gmt":"2026-02-07T04:09:41","slug":"agua-de-perfume-prive","status":"publish","type":"product","link":"https:\/\/www.caponesproducts.com\/es\/product\/prive-eau-de-parfum\/","title":{"rendered":"PRIV\u00c9 Eau de Parfum"},"content":{"rendered":"<div data-elementor-type=\"product-post\" data-elementor-id=\"2545\" class=\"elementor elementor-2545\" data-elementor-post-type=\"product\">\n\t\t\t\t<div class=\"elementor-element elementor-element-52eebb59 e-flex e-con-boxed e-con e-parent\" data-id=\"52eebb59\" data-element_type=\"container\" data-e-type=\"container\">\n\t\t\t\t\t<div class=\"e-con-inner\">\n\t\t<div class=\"elementor-element elementor-element-60ce546 e-con-full e-flex e-con e-child\" data-id=\"60ce546\" data-element_type=\"container\" data-e-type=\"container\">\n\t\t<div class=\"elementor-element elementor-element-116b9db e-con-full e-flex e-con e-child\" data-id=\"116b9db\" data-element_type=\"container\" data-e-type=\"container\">\n\t\t\t\t<div class=\"elementor-element elementor-element-43d4789 elementor-widget elementor-widget-heading\" data-id=\"43d4789\" data-element_type=\"widget\" data-e-type=\"widget\" data-widget_type=\"heading.default\">\n\t\t\t\t<div class=\"elementor-widget-container\">\n\t\t\t\t\t<h2 class=\"elementor-heading-title elementor-size-default\">PRIVADO<\/h2>\t\t\t\t<\/div>\n\t\t\t\t<\/div>\n\t\t<div class=\"elementor-element elementor-element-37f91de e-con-full e-flex e-con e-child\" data-id=\"37f91de\" data-element_type=\"container\" data-e-type=\"container\">\n\t\t<div class=\"elementor-element elementor-element-d9b0443 e-con-full e-flex e-con e-child\" data-id=\"d9b0443\" data-element_type=\"container\" data-e-type=\"container\">\n\t\t\t\t<div class=\"elementor-element elementor-element-dace7d7 elementor-widget elementor-widget-text-editor\" data-id=\"dace7d7\" data-element_type=\"widget\" data-e-type=\"widget\" data-widget_type=\"text-editor.default\">\n\t\t\t\t<div class=\"elementor-widget-container\">\n\t\t\t\t\t\t\t\t\tPRIV\u00c9, esta estela inusual y luminosa hace que este perfume sea misterioso. El Eau de Parfum PRIV\u00c9 simboliza la alquimia de los sentidos.\t\t\t\t\t\t\t\t<\/div>\n\t\t\t\t<\/div>\n\t\t\t\t<div class=\"elementor-element elementor-element-89cc5e5 elementor-widget elementor-widget-text-editor\" data-id=\"89cc5e5\" data-element_type=\"widget\" data-e-type=\"widget\" data-widget_type=\"text-editor.default\">\n\t\t\t\t<div class=\"elementor-widget-container\">\n\t\t\t\t\t\t\t\t\t<p><span style=\"font-family: Herr Von Muellerhoff; font-size: 2em;\">Fabi\u00e1n Capone<\/span><\/p>\t\t\t\t\t\t\t\t<\/div>\n\t\t\t\t<\/div>\n\t\t\t\t<\/div>\n\t\t<div class=\"elementor-element elementor-element-5f4b92c e-con-full e-flex e-con e-child\" data-id=\"5f4b92c\" data-element_type=\"container\" data-e-type=\"container\">\n\t\t\t\t<div class=\"elementor-element elementor-element-1b97be4 elementor-widget elementor-widget-image\" data-id=\"1b97be4\" data-element_type=\"widget\" data-e-type=\"widget\" data-widget_type=\"image.default\">\n\t\t\t\t<div class=\"elementor-widget-container\">\n\t\t\t\t\t\t\t\t\t\t\t\t\t\t\t<img fetchpriority=\"high\" decoding=\"async\" width=\"1707\" height=\"2560\" src=\"https:\/\/www.caponesproducts.com\/wp-content\/uploads\/2024\/08\/CP-2-1-scaled.jpg\" class=\"attachment-large size-large wp-image-2561\" alt=\"\" srcset=\"https:\/\/www.caponesproducts.com\/wp-content\/uploads\/2024\/08\/CP-2-1-scaled.jpg.webp 1707w, https:\/\/www.caponesproducts.com\/wp-content\/uploads\/2024\/08\/CP-2-1-1024x1536.jpg.webp 1024w, https:\/\/www.caponesproducts.com\/wp-content\/uploads\/2024\/08\/CP-2-1-1366x2048.jpg.webp 1366w, https:\/\/www.caponesproducts.com\/wp-content\/uploads\/2024\/08\/CP-2-1-600x900.jpg.webp 600w\" sizes=\"(max-width: 1707px) 100vw, 1707px\" \/>\t\t\t\t\t\t\t\t\t\t\t\t\t\t\t<\/div>\n\t\t\t\t<\/div>\n\t\t\t\t<\/div>\n\t\t\t\t<\/div>\n\t\t<div class=\"elementor-element elementor-element-2595eaa e-con-full e-flex e-con e-child\" data-id=\"2595eaa\" data-element_type=\"container\" data-e-type=\"container\">\n\t\t\t\t<div class=\"elementor-element elementor-element-9c0e84e elementor-widget elementor-widget-heading\" data-id=\"9c0e84e\" data-element_type=\"widget\" data-e-type=\"widget\" data-widget_type=\"heading.default\">\n\t\t\t\t<div class=\"elementor-widget-container\">\n\t\t\t\t\t<h3 class=\"elementor-heading-title elementor-size-default\">NOTAS OLFATIVAS\n<\/h3>\t\t\t\t<\/div>\n\t\t\t\t<\/div>\n\t\t<div class=\"elementor-element elementor-element-3fd0641 e-con-full e-flex e-con e-child\" data-id=\"3fd0641\" data-element_type=\"container\" data-e-type=\"container\">\n\t\t<div class=\"elementor-element elementor-element-0935453 e-con-full e-flex e-con e-child\" data-id=\"0935453\" data-element_type=\"container\" data-e-type=\"container\">\n\t\t\t\t<div class=\"elementor-element elementor-element-00f0105 elementor-widget elementor-widget-heading\" data-id=\"00f0105\" data-element_type=\"widget\" data-e-type=\"widget\" data-widget_type=\"heading.default\">\n\t\t\t\t<div class=\"elementor-widget-container\">\n\t\t\t\t\t<h3 class=\"elementor-heading-title elementor-size-default\">NOTAS DE CABEZA\n<\/h3>\t\t\t\t<\/div>\n\t\t\t\t<\/div>\n\t\t\t\t<div class=\"elementor-element elementor-element-eab00be elementor-widget elementor-widget-text-editor\" data-id=\"eab00be\" data-element_type=\"widget\" data-e-type=\"widget\" data-widget_type=\"text-editor.default\">\n\t\t\t\t<div class=\"elementor-widget-container\">\n\t\t\t\t\t\t\t\t\tNaranja \/ Tagete \/ Azafr\u00e1n\n\n\t\t\t\t\t\t\t\t<\/div>\n\t\t\t\t<\/div>\n\t\t\t\t<\/div>\n\t\t<div class=\"elementor-element elementor-element-5fe722d e-con-full e-flex e-con e-child\" data-id=\"5fe722d\" data-element_type=\"container\" data-e-type=\"container\">\n\t\t\t\t<div class=\"elementor-element elementor-element-f65c50f elementor-widget elementor-widget-heading\" data-id=\"f65c50f\" data-element_type=\"widget\" data-e-type=\"widget\" data-widget_type=\"heading.default\">\n\t\t\t\t<div class=\"elementor-widget-container\">\n\t\t\t\t\t<h3 class=\"elementor-heading-title elementor-size-default\">NOTAS MEDIAS<\/h3>\t\t\t\t<\/div>\n\t\t\t\t<\/div>\n\t\t\t\t<div class=\"elementor-element elementor-element-5a13ba9 elementor-widget elementor-widget-text-editor\" data-id=\"5a13ba9\" data-element_type=\"widget\" data-e-type=\"widget\" data-widget_type=\"text-editor.default\">\n\t\t\t\t<div class=\"elementor-widget-container\">\n\t\t\t\t\t\t\t\t\t\u00c1mbar \/ Jazm\u00edn\n\n\t\t\t\t\t\t\t\t<\/div>\n\t\t\t\t<\/div>\n\t\t\t\t<\/div>\n\t\t<div class=\"elementor-element elementor-element-90d7b58 e-con-full e-flex e-con e-child\" data-id=\"90d7b58\" data-element_type=\"container\" data-e-type=\"container\">\n\t\t\t\t<div class=\"elementor-element elementor-element-d47beaf elementor-widget elementor-widget-heading\" data-id=\"d47beaf\" data-element_type=\"widget\" data-e-type=\"widget\" data-widget_type=\"heading.default\">\n\t\t\t\t<div class=\"elementor-widget-container\">\n\t\t\t\t\t<h3 class=\"elementor-heading-title elementor-size-default\">NOTAS DE FONDO\n<\/h3>\t\t\t\t<\/div>\n\t\t\t\t<\/div>\n\t\t\t\t<div class=\"elementor-element elementor-element-602914b elementor-widget elementor-widget-text-editor\" data-id=\"602914b\" data-element_type=\"widget\" data-e-type=\"widget\" data-widget_type=\"text-editor.default\">\n\t\t\t\t<div class=\"elementor-widget-container\">\n\t\t\t\t\t\t\t\t\tEvernyl \/ Almizcle\n\n\t\t\t\t\t\t\t\t<\/div>\n\t\t\t\t<\/div>\n\t\t\t\t<\/div>\n\t\t\t\t<\/div>\n\t\t\t\t<\/div>\n\t\t<div class=\"elementor-element elementor-element-1b3c84e e-con-full e-flex e-con e-child\" data-id=\"1b3c84e\" data-element_type=\"container\" data-e-type=\"container\">\n\t\t<div class=\"elementor-element elementor-element-a6fd779 e-con-full e-flex e-con e-child\" data-id=\"a6fd779\" data-element_type=\"container\" data-e-type=\"container\">\n\t\t\t\t<div class=\"elementor-element elementor-element-d5e7d08 elementor-widget elementor-widget-image\" data-id=\"d5e7d08\" data-element_type=\"widget\" data-e-type=\"widget\" data-widget_type=\"image.default\">\n\t\t\t\t<div class=\"elementor-widget-container\">\n\t\t\t\t\t\t\t\t\t\t\t\t\t\t\t<img decoding=\"async\" width=\"1707\" height=\"2560\" src=\"https:\/\/www.caponesproducts.com\/wp-content\/uploads\/2024\/08\/prive-2-scaled.jpg\" class=\"attachment-large size-large wp-image-2553\" alt=\"\" srcset=\"https:\/\/www.caponesproducts.com\/wp-content\/uploads\/2024\/08\/prive-2-scaled.jpg.webp 1707w, https:\/\/www.caponesproducts.com\/wp-content\/uploads\/2024\/08\/prive-2-1024x1536.jpg.webp 1024w, https:\/\/www.caponesproducts.com\/wp-content\/uploads\/2024\/08\/prive-2-1365x2048.jpg.webp 1365w, https:\/\/www.caponesproducts.com\/wp-content\/uploads\/2024\/08\/prive-2-600x900.jpg.webp 600w\" sizes=\"(max-width: 1707px) 100vw, 1707px\" \/>\t\t\t\t\t\t\t\t\t\t\t\t\t\t\t<\/div>\n\t\t\t\t<\/div>\n\t\t\t\t<\/div>\n\t\t<div class=\"elementor-element elementor-element-4fe49b3 e-con-full e-flex e-con e-child\" data-id=\"4fe49b3\" data-element_type=\"container\" data-e-type=\"container\">\n\t\t\t\t<div class=\"elementor-element elementor-element-35f1a28 elementor-widget elementor-widget-text-editor\" data-id=\"35f1a28\" data-element_type=\"widget\" data-e-type=\"widget\" data-widget_type=\"text-editor.default\">\n\t\t\t\t<div class=\"elementor-widget-container\">\n\t\t\t\t\t\t\t\t\tDe sus hojas se extrae un aceite esencial que se utiliza en perfumer\u00eda y aromaterapia. Las plantas del g\u00e9nero Tagetes spp. tambi\u00e9n tienen otros usos potenciales, como antioxidante, pigmento, aromatizante, resina, ornamental, insecticida, bactericida, fungicida, nematicida, larvicida, atrayente o repelente de insectos, abono verde y medicinal.\n\t\t\t\t\t\t\t\t<\/div>\n\t\t\t\t<\/div>\n\t\t\t\t<div class=\"elementor-element elementor-element-f443869 elementor-widget elementor-widget-n-accordion\" data-id=\"f443869\" data-element_type=\"widget\" data-e-type=\"widget\" data-settings=\"{&quot;default_state&quot;:&quot;expanded&quot;,&quot;max_items_expended&quot;:&quot;one&quot;,&quot;n_accordion_animation_duration&quot;:{&quot;unit&quot;:&quot;ms&quot;,&quot;size&quot;:400,&quot;sizes&quot;:[]}}\" data-widget_type=\"nested-accordion.default\">\n\t\t\t\t<div class=\"elementor-widget-container\">\n\t\t\t\t\t\t\t<div class=\"e-n-accordion\" aria-label=\"Acorde\u00f3n. Abra los enlaces con Intro o Espacio, ci\u00e9rrelos con Escape y navegue con las teclas de flecha.\">\n\t\t\t\t\t\t<details id=\"e-n-accordion-item-2560\" class=\"e-n-accordion-item\" open>\n\t\t\t\t<summary class=\"e-n-accordion-item-title\" data-accordion-index=\"1\" tabindex=\"0\" aria-expanded=\"true\" aria-controls=\"e-n-accordion-item-2560\" >\n\t\t\t\t\t<span class='e-n-accordion-item-title-header'><div class=\"e-n-accordion-item-title-text\"> Inspiraci\u00f3n <\/div><\/span>\n\t\t\t\t\t\t\t<span class='e-n-accordion-item-title-icon'>\n\t\t\t<span class='e-opened' ><i aria-hidden=\"true\" class=\"fas fa-minus\"><\/i><\/span>\n\t\t\t<span class='e-closed'><i aria-hidden=\"true\" class=\"fas fa-plus\"><\/i><\/span>\n\t\t<\/span>\n\n\t\t\t\t\t\t<\/summary>\n\t\t\t\t<div role=\"region\" aria-labelledby=\"e-n-accordion-item-2560\" class=\"elementor-element elementor-element-55c5a0b e-con-full e-flex e-con e-child\" data-id=\"55c5a0b\" data-element_type=\"container\" data-e-type=\"container\">\n\t\t<div role=\"region\" aria-labelledby=\"e-n-accordion-item-2560\" class=\"elementor-element elementor-element-9fa97b8 e-flex e-con-boxed e-con e-child\" data-id=\"9fa97b8\" data-element_type=\"container\" data-e-type=\"container\">\n\t\t\t\t\t<div class=\"e-con-inner\">\n\t\t\t\t<div class=\"elementor-element elementor-element-ff2d259 elementor-widget elementor-widget-text-editor\" data-id=\"ff2d259\" data-element_type=\"widget\" data-e-type=\"widget\" data-widget_type=\"text-editor.default\">\n\t\t\t\t<div class=\"elementor-widget-container\">\n\t\t\t\t\t\t\t\t\t<p>Se inspira en un estilo de vida sofisticado, sutil y dif\u00edcil de imitar. Acompa\u00f1ado de un toque inspirado en los muebles franceses, que suelen tener un aire antiguo.<\/p><p>La fragancia desprende una alquimia po\u00e9tica, una firma olfativa gr\u00e1fica condensada al extremo. Las facetas et\u00e9reas del jazm\u00edn y el brillo del azafr\u00e1n transportan las notas minerales del \u00e1mbar gris y los tonos amaderados del cedro reci\u00e9n cortado.<\/p>\t\t\t\t\t\t\t\t<\/div>\n\t\t\t\t<\/div>\n\t\t\t\t\t<\/div>\n\t\t\t\t<\/div>\n\t\t\t\t<\/div>\n\t\t\t\t\t<\/details>\n\t\t\t\t\t\t<details id=\"e-n-accordion-item-2561\" class=\"e-n-accordion-item\" >\n\t\t\t\t<summary class=\"e-n-accordion-item-title\" data-accordion-index=\"2\" tabindex=\"-1\" aria-expanded=\"false\" aria-controls=\"e-n-accordion-item-2561\" >\n\t\t\t\t\t<span class='e-n-accordion-item-title-header'><div class=\"e-n-accordion-item-title-text\"> Descripci\u00f3n <\/div><\/span>\n\t\t\t\t\t\t\t<span class='e-n-accordion-item-title-icon'>\n\t\t\t<span class='e-opened' ><i aria-hidden=\"true\" class=\"fas fa-minus\"><\/i><\/span>\n\t\t\t<span class='e-closed'><i aria-hidden=\"true\" class=\"fas fa-plus\"><\/i><\/span>\n\t\t<\/span>\n\n\t\t\t\t\t\t<\/summary>\n\t\t\t\t<div role=\"region\" aria-labelledby=\"e-n-accordion-item-2561\" class=\"elementor-element elementor-element-de4402f e-con-full e-flex e-con e-child\" data-id=\"de4402f\" data-element_type=\"container\" data-e-type=\"container\">\n\t\t<div role=\"region\" aria-labelledby=\"e-n-accordion-item-2561\" class=\"elementor-element elementor-element-dcaea1f e-flex e-con-boxed e-con e-child\" data-id=\"dcaea1f\" data-element_type=\"container\" data-e-type=\"container\">\n\t\t\t\t\t<div class=\"e-con-inner\">\n\t\t\t\t<div class=\"elementor-element elementor-element-a5d8392 elementor-widget elementor-widget-text-editor\" data-id=\"a5d8392\" data-element_type=\"widget\" data-e-type=\"widget\" data-widget_type=\"text-editor.default\">\n\t\t\t\t<div class=\"elementor-widget-container\">\n\t\t\t\t\t\t\t\t\t<p>PRIV\u00c9 es una fragancia luminosa e intensa con notas ambarinas, amaderadas y florales que desprenden un aroma sensual y elegante que se vuelve a\u00fan m\u00e1s intenso en su extracto de perfume.<\/p>\t\t\t\t\t\t\t\t<\/div>\n\t\t\t\t<\/div>\n\t\t\t\t\t<\/div>\n\t\t\t\t<\/div>\n\t\t\t\t<\/div>\n\t\t\t\t\t<\/details>\n\t\t\t\t\t<\/div>\n\t\t\t\t\t\t<\/div>\n\t\t\t\t<\/div>\n\t\t\t\t<\/div>\n\t\t\t\t<\/div>\n\t\t\t\t<\/div>\n\t\t\t\t<\/div>\n\t\t\t\t\t<\/div>\n\t\t\t\t<\/div>\n\t\t\t\t<\/div>","protected":false},"excerpt":{"rendered":"<p>100 ml<br \/>\nCompuesta como una sinfon\u00eda olfativa, abre las puertas a un mundo olfativo que une poder y elegancia.<\/p>\n<p><img decoding=\"async\" src=\"https:\/\/caponesproducts.com\/wp-content\/uploads\/2024\/08\/prive-img.png\" width=\"150px\" \/><\/p>","protected":false},"featured_media":2614,"template":"","meta":{"site-sidebar-layout":"default","site-content-layout":"","ast-site-content-layout":"default","site-content-style":"default","site-sidebar-style":"default","ast-global-header-display":"","ast-banner-title-visibility":"","ast-main-header-display":"","ast-hfb-above-header-display":"","ast-hfb-below-header-display":"","ast-hfb-mobile-header-display":"","site-post-title":"","ast-breadcrumbs-content":"","ast-featured-img":"","footer-sml-layout":"","ast-disable-related-posts":"","theme-transparent-header-meta":"","adv-header-id-meta":"","stick-header-meta":"","header-above-stick-meta":"","header-main-stick-meta":"","header-below-stick-meta":"","astra-migrate-meta-layouts":"default","ast-page-background-enabled":"default","ast-page-background-meta":{"desktop":{"background-color":"var(--ast-global-color-5)","background-image":"","background-repeat":"repeat","background-position":"center center","background-size":"auto","background-attachment":"scroll","background-type":"","background-media":"","overlay-type":"","overlay-color":"","overlay-opacity":"","overlay-gradient":""},"tablet":{"background-color":"","background-image":"","background-repeat":"repeat","background-position":"center center","background-size":"auto","background-attachment":"scroll","background-type":"","background-media":"","overlay-type":"","overlay-color":"","overlay-opacity":"","overlay-gradient":""},"mobile":{"background-color":"","background-image":"","background-repeat":"repeat","background-position":"center center","background-size":"auto","background-attachment":"scroll","background-type":"","background-media":"","overlay-type":"","overlay-color":"","overlay-opacity":"","overlay-gradient":""}},"ast-content-background-meta":{"desktop":{"background-color":"var(--ast-global-color-4)","background-image":"","background-repeat":"repeat","background-position":"center center","background-size":"auto","background-attachment":"scroll","background-type":"","background-media":"","overlay-type":"","overlay-color":"","overlay-opacity":"","overlay-gradient":""},"tablet":{"background-color":"var(--ast-global-color-4)","background-image":"","background-repeat":"repeat","background-position":"center center","background-size":"auto","background-attachment":"scroll","background-type":"","background-media":"","overlay-type":"","overlay-color":"","overlay-opacity":"","overlay-gradient":""},"mobile":{"background-color":"var(--ast-global-color-4)","background-image":"","background-repeat":"repeat","background-position":"center center","background-size":"auto","background-attachment":"scroll","background-type":"","background-media":"","overlay-type":"","overlay-color":"","overlay-opacity":"","overlay-gradient":""}}},"product_brand":[],"product_cat":[93,107,106,100],"product_tag":[],"class_list":{"0":"post-2545","1":"product","2":"type-product","3":"status-publish","4":"has-post-thumbnail","6":"product_cat-featured","7":"product_cat-fragrance","8":"product_cat-lifestyle","9":"product_cat-preorder","10":"desktop-align-left","11":"tablet-align-left","12":"mobile-align-left","14":"first","15":"instock","16":"taxable","17":"shipping-taxable","18":"purchasable","19":"product-type-simple"},"aioseo_notices":[],"_links":{"self":[{"href":"https:\/\/www.caponesproducts.com\/es\/wp-json\/wp\/v2\/product\/2545","targetHints":{"allow":["GET"]}}],"collection":[{"href":"https:\/\/www.caponesproducts.com\/es\/wp-json\/wp\/v2\/product"}],"about":[{"href":"https:\/\/www.caponesproducts.com\/es\/wp-json\/wp\/v2\/types\/product"}],"version-history":[{"count":3,"href":"https:\/\/www.caponesproducts.com\/es\/wp-json\/wp\/v2\/product\/2545\/revisions"}],"predecessor-version":[{"id":3486,"href":"https:\/\/www.caponesproducts.com\/es\/wp-json\/wp\/v2\/product\/2545\/revisions\/3486"}],"wp:featuredmedia":[{"embeddable":true,"href":"https:\/\/www.caponesproducts.com\/es\/wp-json\/wp\/v2\/media\/2614"}],"wp:attachment":[{"href":"https:\/\/www.caponesproducts.com\/es\/wp-json\/wp\/v2\/media?parent=2545"}],"wp:term":[{"taxonomy":"product_brand","embeddable":true,"href":"https:\/\/www.caponesproducts.com\/es\/wp-json\/wp\/v2\/product_brand?post=2545"},{"taxonomy":"product_cat","embeddable":true,"href":"https:\/\/www.caponesproducts.com\/es\/wp-json\/wp\/v2\/product_cat?post=2545"},{"taxonomy":"product_tag","embeddable":true,"href":"https:\/\/www.caponesproducts.com\/es\/wp-json\/wp\/v2\/product_tag?post=2545"}],"curies":[{"name":"wp","href":"https:\/\/api.w.org\/{rel}","templated":true}]}}